{"id":304,"date":"2017-09-17T21:47:34","date_gmt":"2017-09-17T21:47:34","guid":{"rendered":"http:\/\/web.siebenzwerge-ev.de\/?page_id=304"},"modified":"2024-06-04T19:06:57","modified_gmt":"2024-06-04T19:06:57","slug":"herzlich-willkommen-bei-den-7-zwergen","status":"publish","type":"page","link":"https:\/\/www.siebenzwerge-ev.de\/","title":{"rendered":"Wir Zwerge&#8230;"},"content":{"rendered":"<div class=\"wp-block-image\">\n<figure class=\"aligncenter size-full is-resized\"><img data-recalc-dims=\"1\" loading=\"lazy\" decoding=\"async\" width=\"832\" height=\"428\" data-attachment-id=\"1063\" data-permalink=\"https:\/\/www.siebenzwerge-ev.de\/?attachment_id=1063\" data-orig-file=\"https:\/\/i0.wp.com\/www.siebenzwerge-ev.de\/wp-content\/uploads\/2024\/06\/7_Zwergelogo_High_Quality-scaled.jpg?fit=2560%2C1316&amp;ssl=1\" data-orig-size=\"2560,1316\" data-comments-opened=\"0\" data-image-meta=\"{&quot;aperture&quot;:&quot;1.6&quot;,&quot;credit&quot;:&quot;&quot;,&quot;camera&quot;:&quot;iPhone 12 mini&quot;,&quot;caption&quot;:&quot;&quot;,&quot;created_timestamp&quot;:&quot;1676018105&quot;,&quot;copyright&quot;:&quot;&quot;,&quot;focal_length&quot;:&quot;4.2&quot;,&quot;iso&quot;:&quot;125&quot;,&quot;shutter_speed&quot;:&quot;0.009009009009009&quot;,&quot;title&quot;:&quot;&quot;,&quot;orientation&quot;:&quot;1&quot;}\" data-image-title=\"7_Zwergelogo_High_Quality\" data-image-description=\"\" data-image-caption=\"\" data-medium-file=\"https:\/\/i0.wp.com\/www.siebenzwerge-ev.de\/wp-content\/uploads\/2024\/06\/7_Zwergelogo_High_Quality-scaled.jpg?fit=300%2C154&amp;ssl=1\" data-large-file=\"https:\/\/i0.wp.com\/www.siebenzwerge-ev.de\/wp-content\/uploads\/2024\/06\/7_Zwergelogo_High_Quality-scaled.jpg?fit=832%2C428&amp;ssl=1\" src=\"https:\/\/i0.wp.com\/www.siebenzwerge-ev.de\/wp-content\/uploads\/2024\/06\/7_Zwergelogo_High_Quality-scaled.jpg?resize=832%2C428&#038;ssl=1\" alt=\"\" class=\"wp-image-1063\" style=\"aspect-ratio:1.9482758620689655;object-fit:cover;width:515px\" srcset=\"https:\/\/i0.wp.com\/www.siebenzwerge-ev.de\/wp-content\/uploads\/2024\/06\/7_Zwergelogo_High_Quality-scaled.jpg?w=2560&amp;ssl=1 2560w, https:\/\/i0.wp.com\/www.siebenzwerge-ev.de\/wp-content\/uploads\/2024\/06\/7_Zwergelogo_High_Quality-scaled.jpg?resize=300%2C154&amp;ssl=1 300w, https:\/\/i0.wp.com\/www.siebenzwerge-ev.de\/wp-content\/uploads\/2024\/06\/7_Zwergelogo_High_Quality-scaled.jpg?resize=1024%2C527&amp;ssl=1 1024w, https:\/\/i0.wp.com\/www.siebenzwerge-ev.de\/wp-content\/uploads\/2024\/06\/7_Zwergelogo_High_Quality-scaled.jpg?resize=768%2C395&amp;ssl=1 768w, https:\/\/i0.wp.com\/www.siebenzwerge-ev.de\/wp-content\/uploads\/2024\/06\/7_Zwergelogo_High_Quality-scaled.jpg?resize=1536%2C790&amp;ssl=1 1536w, https:\/\/i0.wp.com\/www.siebenzwerge-ev.de\/wp-content\/uploads\/2024\/06\/7_Zwergelogo_High_Quality-scaled.jpg?resize=2048%2C1053&amp;ssl=1 2048w, https:\/\/i0.wp.com\/www.siebenzwerge-ev.de\/wp-content\/uploads\/2024\/06\/7_Zwergelogo_High_Quality-scaled.jpg?w=1664&amp;ssl=1 1664w, https:\/\/i0.wp.com\/www.siebenzwerge-ev.de\/wp-content\/uploads\/2024\/06\/7_Zwergelogo_High_Quality-scaled.jpg?w=2496&amp;ssl=1 2496w\" sizes=\"auto, (max-width: 832px) 100vw, 832px\" \/><\/figure>\n<\/div>\n\n\n<p><\/p>\n\n\n\n<h6 class=\"wp-block-heading\"><strong>Herzlich Willkommen auf der Internetseite der Kindergruppe &#8222;Die Sieben Zwerge e.V.&#8220;<\/strong><\/h6>\n\n\n\n<p>Seit 1985 gibt es unsere Elterninitiative, seit 2015 sind wir in neuen R\u00e4umlichkeiten mit gro\u00dfem Au\u00dfengel\u00e4nde, welches supertoll bei unseren Kinder jeglicher Altersklassen ankommt. Bei uns werden bis zu&nbsp;20 Zwergenkinder im Alter von 1,5 \u2013 6 Jahren von 7:30 \u2013 15:00 Uhr von einem starken und sehr motivierten Team,&nbsp;bestehend aus&nbsp;drei Erzieherinnen, einer Vertretungskraft, einer FSJ-lerin und einer Praktikantin,&nbsp;betreut. Unsere K\u00f6chin bereitet t\u00e4glich liebevoll frisch Fr\u00fchst\u00fcck, Mittagessen und Obstpausen aus \u00fcberwiegend biologischen und regionalen Produkten zu. Auf diesen Seiten stellen wir uns vor und geben einen ersten Einblick in unseren Kindergarten.<\/p>\n\n\n\n<p>Schau gern mal in unser&nbsp;<strong><a href=\"http:\/\/web.siebenzwerge-ev.de\/wp-content\/uploads\/2023\/08\/7_Zwerge_ABC.pdf\">7-Zwerge-ABC<\/a><\/strong> rein, bei Interesse freuen wir uns \u00fcber ein pers\u00f6nliches Kennenlernen.<\/p>\n","protected":false},"excerpt":{"rendered":"<p>Herzlich Willkommen auf der Internetseite der Kindergruppe &#8222;Die Sieben Zwerge e.V.&#8220; Seit 1985 gibt es unsere Elterninitiative, seit 2015 sind wir in neuen R\u00e4umlichkeiten mit gro\u00dfem Au\u00dfengel\u00e4nde, welches supertoll bei unseren Kinder jeglicher Altersklassen ankommt. Bei uns werden bis zu&nbsp;20 &hellip; <\/p>\n","protected":false},"author":1,"featured_media":0,"parent":0,"menu_order":0,"comment_status":"closed","ping_status":"closed","template":"","meta":{"advanced_seo_description":"","jetpack_seo_html_title":"","jetpack_seo_noindex":false,"ngg_post_thumbnail":0,"jetpack_post_was_ever_published":false,"footnotes":""},"class_list":["post-304","page","type-page","status-publish","hentry"],"jetpack_sharing_enabled":true,"jetpack_shortlink":"https:\/\/wp.me\/P9634g-4U","jetpack-related-posts":[],"post_mailing_queue_ids":[],"_links":{"self":[{"href":"https:\/\/www.siebenzwerge-ev.de\/index.php?rest_route=\/wp\/v2\/pages\/304","targetHints":{"allow":["GET"]}}],"collection":[{"href":"https:\/\/www.siebenzwerge-ev.de\/index.php?rest_route=\/wp\/v2\/pages"}],"about":[{"href":"https:\/\/www.siebenzwerge-ev.de\/index.php?rest_route=\/wp\/v2\/types\/page"}],"author":[{"embeddable":true,"href":"https:\/\/www.siebenzwerge-ev.de\/index.php?rest_route=\/wp\/v2\/users\/1"}],"replies":[{"embeddable":true,"href":"https:\/\/www.siebenzwerge-ev.de\/index.php?rest_route=%2Fwp%2Fv2%2Fcomments&post=304"}],"version-history":[{"count":46,"href":"https:\/\/www.siebenzwerge-ev.de\/index.php?rest_route=\/wp\/v2\/pages\/304\/revisions"}],"predecessor-version":[{"id":1064,"href":"https:\/\/www.siebenzwerge-ev.de\/index.php?rest_route=\/wp\/v2\/pages\/304\/revisions\/1064"}],"wp:attachment":[{"href":"https:\/\/www.siebenzwerge-ev.de\/index.php?rest_route=%2Fwp%2Fv2%2Fmedia&parent=304"}],"curies":[{"name":"wp","href":"https:\/\/api.w.org\/{rel}","templated":true}]}}